{"id":378,"date":"2025-07-29T21:23:50","date_gmt":"2025-07-29T21:23:50","guid":{"rendered":"https:\/\/greenviewtulum.com\/?page_id=378"},"modified":"2025-07-31T14:10:41","modified_gmt":"2025-07-31T14:10:41","slug":"brokers","status":"publish","type":"page","link":"https:\/\/greenviewtulum.com\/index.php\/brokers\/","title":{"rendered":"Brokers"},"content":{"rendered":"\t\t<div data-elementor-type=\"wp-page\" data-elementor-id=\"378\" class=\"elementor elementor-378\" data-elementor-post-type=\"page\">\n\t\t\t\t<div class=\"elementor-element elementor-element-a9257e3 e-flex e-con-boxed e-con e-parent\" data-id=\"a9257e3\" data-element_type=\"container\">\n\t\t\t\t\t<div class=\"e-con-inner\">\n\t\t\t\t<div class=\"elementor-element elementor-element-04fd2ea elementor-widget elementor-widget-spacer\" data-id=\"04fd2ea\" data-element_type=\"widget\" data-widget_type=\"spacer.default\">\n\t\t\t\t<div class=\"elementor-widget-container\">\n\t\t\t\t\t\t\t<div class=\"elementor-spacer\">\n\t\t\t<div class=\"elementor-spacer-inner\"><\/div>\n\t\t<\/div>\n\t\t\t\t\t\t<\/div>\n\t\t\t\t<\/div>\n\t\t\t\t<div class=\"elementor-element elementor-element-3132c12 elementor-widget elementor-widget-heading\" data-id=\"3132c12\" data-element_type=\"widget\" data-widget_type=\"heading.default\">\n\t\t\t\t<div class=\"elementor-widget-container\">\n\t\t\t\t\t<h2 class=\"elementor-heading-title elementor-size-default\">\u00a1Te invitamos a nuestro programa para promocionar Greenview, hagamos alianzas!\n\n<\/h2>\t\t\t\t<\/div>\n\t\t\t\t<\/div>\n\t\t\t\t<div class=\"elementor-element elementor-element-c5eb01b elementor-widget-divider--view-line_icon elementor-view-default elementor-widget-divider--element-align-center elementor-widget elementor-widget-divider\" data-id=\"c5eb01b\" data-element_type=\"widget\" data-widget_type=\"divider.default\">\n\t\t\t\t<div class=\"elementor-widget-container\">\n\t\t\t\t\t\t\t<div class=\"elementor-divider\">\n\t\t\t<span class=\"elementor-divider-separator\">\n\t\t\t\t\t\t\t<div class=\"elementor-icon elementor-divider__element\">\n\t\t\t\t\t<i aria-hidden=\"true\" class=\"mdi mdi-form-select\"><\/i><\/div>\n\t\t\t\t\t\t<\/span>\n\t\t<\/div>\n\t\t\t\t\t\t<\/div>\n\t\t\t\t<\/div>\n\t\t\t\t\t<\/div>\n\t\t\t\t<\/div>\n\t\t<div class=\"elementor-element elementor-element-551dda0e e-flex e-con-boxed e-con e-parent\" data-id=\"551dda0e\" data-element_type=\"container\" data-settings=\"{&quot;background_background&quot;:&quot;classic&quot;}\">\n\t\t\t\t\t<div class=\"e-con-inner\">\n\t\t<div class=\"elementor-element elementor-element-52923d19 e-con-full e-flex elementor-invisible e-con e-child\" data-id=\"52923d19\" data-element_type=\"container\" data-settings=\"{&quot;background_background&quot;:&quot;classic&quot;,&quot;animation&quot;:&quot;fadeInUp&quot;,&quot;animation_delay&quot;:&quot;100&quot;}\">\n\t\t<div class=\"elementor-element elementor-element-5a0d0358 e-con-full e-flex e-con e-child\" data-id=\"5a0d0358\" data-element_type=\"container\">\n\t\t\t\t<div class=\"elementor-element elementor-element-496d1756 elementor-widget elementor-widget-heading\" data-id=\"496d1756\" data-element_type=\"widget\" data-widget_type=\"heading.default\">\n\t\t\t\t<div class=\"elementor-widget-container\">\n\t\t\t\t\t<p class=\"elementor-heading-title elementor-size-default\">Paso 1<\/p>\t\t\t\t<\/div>\n\t\t\t\t<\/div>\n\t\t\t\t<div class=\"elementor-element elementor-element-7ad56221 elementor-widget elementor-widget-heading\" data-id=\"7ad56221\" data-element_type=\"widget\" data-widget_type=\"heading.default\">\n\t\t\t\t<div class=\"elementor-widget-container\">\n\t\t\t\t\t<h2 class=\"elementor-heading-title elementor-size-default\">Registro<\/h2>\t\t\t\t<\/div>\n\t\t\t\t<\/div>\n\t\t\t\t<div class=\"elementor-element elementor-element-79f96770 elementor-widget elementor-widget-text-editor\" data-id=\"79f96770\" data-element_type=\"widget\" data-widget_type=\"text-editor.default\">\n\t\t\t\t<div class=\"elementor-widget-container\">\n\t\t\t\t\t\t\t\t\t<p>Reg\u00edstrate en nuestro programa para conocer m\u00e1s del exclusivo proyecto.<\/p>\t\t\t\t\t\t\t\t<\/div>\n\t\t\t\t<\/div>\n\t\t\t\t<div class=\"elementor-element elementor-element-136d4ab elementor-widget elementor-widget-html\" data-id=\"136d4ab\" data-element_type=\"widget\" data-widget_type=\"html.default\">\n\t\t\t\t<div class=\"elementor-widget-container\">\n\t\t\t\t\t<div data-form-slug=\"3320084056697954\" data-env=\"production\" data-path=\"contact-us\/3320084056697954\" class=\"keap-custom-form\"><\/div><script>\r\n(function (window, document) {\r\n    const keapForms = window.keapForms || {\r\n        SNIPPET_VERSION: '1.1.0',\r\n        appId: 'sek149',\r\n    };\r\n\r\n    const script = document.createElement('script');\r\n\r\n    script.type = 'text\/javascript';\r\n    script.crossOrigin = 'anonymous';\r\n    script.defer = true;\r\n    script.src = 'https:\/\/forms.keap.app\/lib\/public-form-embed.js?appId=sek149&version=1.1.0';\r\n\r\n    script.onload = function () {\r\n        const keapFormsAfterLoad = window.keapForms;\r\n\r\n        if (!keapFormsAfterLoad.renderAllForms) {\r\n            \/\/ eslint-disable-next-line no-console\r\n            console.error('[Keap Forms] Error: could not load');\r\n        } else if (!keapFormsAfterLoad.invoked) {\r\n            keapFormsAfterLoad.invoked = true;\r\n            keapFormsAfterLoad.renderAllForms();\r\n        }\r\n    };\r\n    const firstScriptTag = document.getElementsByTagName('script')[0];\r\n\r\n    firstScriptTag.parentNode.insertBefore(script, firstScriptTag);\r\n    window.keapForms = keapForms;\r\n}(window, document));<\/script>\t\t\t\t<\/div>\n\t\t\t\t<\/div>\n\t\t\t\t<\/div>\n\t\t\t\t<\/div>\n\t\t<div class=\"elementor-element elementor-element-a9122af e-con-full e-flex elementor-invisible e-con e-child\" data-id=\"a9122af\" data-element_type=\"container\" data-settings=\"{&quot;background_background&quot;:&quot;gradient&quot;,&quot;animation&quot;:&quot;fadeInUp&quot;,&quot;animation_delay&quot;:&quot;300&quot;}\">\n\t\t<div class=\"elementor-element elementor-element-73ade462 e-con-full e-flex e-con e-child\" data-id=\"73ade462\" data-element_type=\"container\" data-settings=\"{&quot;background_background&quot;:&quot;classic&quot;}\">\n\t\t\t\t<div class=\"elementor-element elementor-element-71313aee elementor-widget elementor-widget-heading\" data-id=\"71313aee\" data-element_type=\"widget\" data-widget_type=\"heading.default\">\n\t\t\t\t<div class=\"elementor-widget-container\">\n\t\t\t\t\t<p class=\"elementor-heading-title elementor-size-default\">Paso 2<\/p>\t\t\t\t<\/div>\n\t\t\t\t<\/div>\n\t\t\t\t<div class=\"elementor-element elementor-element-7b74dbcf elementor-widget elementor-widget-heading\" data-id=\"7b74dbcf\" data-element_type=\"widget\" data-widget_type=\"heading.default\">\n\t\t\t\t<div class=\"elementor-widget-container\">\n\t\t\t\t\t<h2 class=\"elementor-heading-title elementor-size-default\">Registra a tu cliente<\/h2>\t\t\t\t<\/div>\n\t\t\t\t<\/div>\n\t\t\t\t<div class=\"elementor-element elementor-element-4444f2a elementor-widget elementor-widget-text-editor\" data-id=\"4444f2a\" data-element_type=\"widget\" data-widget_type=\"text-editor.default\">\n\t\t\t\t<div class=\"elementor-widget-container\">\n\t\t\t\t\t\t\t\t\t<p>Cu\u00e1ndo tengas un cliente interesado en Green view, reg\u00edstralo para saber que ya lo est\u00e1s trabajando.<\/p>\t\t\t\t\t\t\t\t<\/div>\n\t\t\t\t<\/div>\n\t\t\t\t<div class=\"elementor-element elementor-element-539e68b elementor-widget elementor-widget-html\" data-id=\"539e68b\" data-element_type=\"widget\" data-widget_type=\"html.default\">\n\t\t\t\t<div class=\"elementor-widget-container\">\n\t\t\t\t\t<div data-form-slug=\"3641293861436358\" data-env=\"production\" data-path=\"contact-us\/3641293861436358\" class=\"keap-custom-form\"><\/div><script>\r\n(function (window, document) {\r\n    const keapForms = window.keapForms || {\r\n        SNIPPET_VERSION: '1.1.0',\r\n        appId: 'sek149',\r\n    };\r\n\r\n    const script = document.createElement('script');\r\n\r\n    script.type = 'text\/javascript';\r\n    script.crossOrigin = 'anonymous';\r\n    script.defer = true;\r\n    script.src = 'https:\/\/forms.keap.app\/lib\/public-form-embed.js?appId=sek149&version=1.1.0';\r\n\r\n    script.onload = function () {\r\n        const keapFormsAfterLoad = window.keapForms;\r\n\r\n        if (!keapFormsAfterLoad.renderAllForms) {\r\n            \/\/ eslint-disable-next-line no-console\r\n            console.error('[Keap Forms] Error: could not load');\r\n        } else if (!keapFormsAfterLoad.invoked) {\r\n            keapFormsAfterLoad.invoked = true;\r\n            keapFormsAfterLoad.renderAllForms();\r\n        }\r\n    };\r\n    const firstScriptTag = document.getElementsByTagName('script')[0];\r\n\r\n    firstScriptTag.parentNode.insertBefore(script, firstScriptTag);\r\n    window.keapForms = keapForms;\r\n}(window, document));<\/script>\t\t\t\t<\/div>\n\t\t\t\t<\/div>\n\t\t\t\t<\/div>\n\t\t\t\t<\/div>\n\t\t\t\t\t<\/div>\n\t\t\t\t<\/div>\n\t\t\t\t<\/div>\n\t\t","protected":false},"excerpt":{"rendered":"<p>\u00a1Te invitamos a nuestro programa para promocionar Greenview, hagamos alianzas!<\/p>\n","protected":false},"author":1,"featured_media":256,"parent":0,"menu_order":0,"comment_status":"closed","ping_status":"closed","template":"","meta":{"_joinchat":[],"footnotes":""},"class_list":["post-378","page","type-page","status-publish","has-post-thumbnail","hentry"],"yoast_head":"<!-- This site is optimized with the Yoast SEO plugin v27.3 - https:\/\/yoast.com\/product\/yoast-seo-wordpress\/ -->\n<title>Brokers - Green View<\/title>\n<meta name=\"robots\" content=\"index, follow, max-snippet:-1, max-image-preview:large, max-video-preview:-1\" \/>\n<link rel=\"canonical\" href=\"https:\/\/greenviewtulum.com\/index.php\/brokers\/\" \/>\n<meta property=\"og:locale\" content=\"es_ES\" \/>\n<meta property=\"og:type\" content=\"article\" \/>\n<meta property=\"og:title\" content=\"Brokers - Green View\" \/>\n<meta property=\"og:description\" content=\"\u00a1Te invitamos a nuestro programa para promocionar Greenview, hagamos alianzas!\" \/>\n<meta property=\"og:url\" content=\"https:\/\/greenviewtulum.com\/index.php\/brokers\/\" \/>\n<meta property=\"og:site_name\" content=\"Green View\" \/>\n<meta property=\"article:modified_time\" content=\"2025-07-31T14:10:41+00:00\" \/>\n<meta property=\"og:image\" content=\"https:\/\/greenviewtulum.com\/wp-content\/uploads\/2025\/05\/bg-top.jpg\" \/>\n\t<meta property=\"og:image:width\" content=\"1500\" \/>\n\t<meta property=\"og:image:height\" content=\"904\" \/>\n\t<meta property=\"og:image:type\" content=\"image\/jpeg\" \/>\n<meta name=\"twitter:card\" content=\"summary_large_image\" \/>\n<meta name=\"twitter:label1\" content=\"Tiempo de lectura\" \/>\n\t<meta name=\"twitter:data1\" content=\"1 minuto\" \/>\n<script type=\"application\/ld+json\" class=\"yoast-schema-graph\">{\"@context\":\"https:\\\/\\\/schema.org\",\"@graph\":[{\"@type\":\"WebPage\",\"@id\":\"https:\\\/\\\/greenviewtulum.com\\\/index.php\\\/brokers\\\/\",\"url\":\"https:\\\/\\\/greenviewtulum.com\\\/index.php\\\/brokers\\\/\",\"name\":\"Brokers - Green View\",\"isPartOf\":{\"@id\":\"https:\\\/\\\/greenviewtulum.com\\\/#website\"},\"primaryImageOfPage\":{\"@id\":\"https:\\\/\\\/greenviewtulum.com\\\/index.php\\\/brokers\\\/#primaryimage\"},\"image\":{\"@id\":\"https:\\\/\\\/greenviewtulum.com\\\/index.php\\\/brokers\\\/#primaryimage\"},\"thumbnailUrl\":\"https:\\\/\\\/greenviewtulum.com\\\/wp-content\\\/uploads\\\/2025\\\/05\\\/bg-top.jpg\",\"datePublished\":\"2025-07-29T21:23:50+00:00\",\"dateModified\":\"2025-07-31T14:10:41+00:00\",\"breadcrumb\":{\"@id\":\"https:\\\/\\\/greenviewtulum.com\\\/index.php\\\/brokers\\\/#breadcrumb\"},\"inLanguage\":\"es\",\"potentialAction\":[{\"@type\":\"ReadAction\",\"target\":[\"https:\\\/\\\/greenviewtulum.com\\\/index.php\\\/brokers\\\/\"]}]},{\"@type\":\"ImageObject\",\"inLanguage\":\"es\",\"@id\":\"https:\\\/\\\/greenviewtulum.com\\\/index.php\\\/brokers\\\/#primaryimage\",\"url\":\"https:\\\/\\\/greenviewtulum.com\\\/wp-content\\\/uploads\\\/2025\\\/05\\\/bg-top.jpg\",\"contentUrl\":\"https:\\\/\\\/greenviewtulum.com\\\/wp-content\\\/uploads\\\/2025\\\/05\\\/bg-top.jpg\",\"width\":1500,\"height\":904},{\"@type\":\"BreadcrumbList\",\"@id\":\"https:\\\/\\\/greenviewtulum.com\\\/index.php\\\/brokers\\\/#breadcrumb\",\"itemListElement\":[{\"@type\":\"ListItem\",\"position\":1,\"name\":\"Portada\",\"item\":\"https:\\\/\\\/greenviewtulum.com\\\/\"},{\"@type\":\"ListItem\",\"position\":2,\"name\":\"Brokers\"}]},{\"@type\":\"WebSite\",\"@id\":\"https:\\\/\\\/greenviewtulum.com\\\/#website\",\"url\":\"https:\\\/\\\/greenviewtulum.com\\\/\",\"name\":\"Green View\",\"description\":\"\",\"potentialAction\":[{\"@type\":\"SearchAction\",\"target\":{\"@type\":\"EntryPoint\",\"urlTemplate\":\"https:\\\/\\\/greenviewtulum.com\\\/?s={search_term_string}\"},\"query-input\":{\"@type\":\"PropertyValueSpecification\",\"valueRequired\":true,\"valueName\":\"search_term_string\"}}],\"inLanguage\":\"es\"}]}<\/script>\n<!-- \/ Yoast SEO plugin. -->","yoast_head_json":{"title":"Brokers - Green View","robots":{"index":"index","follow":"follow","max-snippet":"max-snippet:-1","max-image-preview":"max-image-preview:large","max-video-preview":"max-video-preview:-1"},"canonical":"https:\/\/greenviewtulum.com\/index.php\/brokers\/","og_locale":"es_ES","og_type":"article","og_title":"Brokers - Green View","og_description":"\u00a1Te invitamos a nuestro programa para promocionar Greenview, hagamos alianzas!","og_url":"https:\/\/greenviewtulum.com\/index.php\/brokers\/","og_site_name":"Green View","article_modified_time":"2025-07-31T14:10:41+00:00","og_image":[{"width":1500,"height":904,"url":"https:\/\/greenviewtulum.com\/wp-content\/uploads\/2025\/05\/bg-top.jpg","type":"image\/jpeg"}],"twitter_card":"summary_large_image","twitter_misc":{"Tiempo de lectura":"1 minuto"},"schema":{"@context":"https:\/\/schema.org","@graph":[{"@type":"WebPage","@id":"https:\/\/greenviewtulum.com\/index.php\/brokers\/","url":"https:\/\/greenviewtulum.com\/index.php\/brokers\/","name":"Brokers - Green View","isPartOf":{"@id":"https:\/\/greenviewtulum.com\/#website"},"primaryImageOfPage":{"@id":"https:\/\/greenviewtulum.com\/index.php\/brokers\/#primaryimage"},"image":{"@id":"https:\/\/greenviewtulum.com\/index.php\/brokers\/#primaryimage"},"thumbnailUrl":"https:\/\/greenviewtulum.com\/wp-content\/uploads\/2025\/05\/bg-top.jpg","datePublished":"2025-07-29T21:23:50+00:00","dateModified":"2025-07-31T14:10:41+00:00","breadcrumb":{"@id":"https:\/\/greenviewtulum.com\/index.php\/brokers\/#breadcrumb"},"inLanguage":"es","potentialAction":[{"@type":"ReadAction","target":["https:\/\/greenviewtulum.com\/index.php\/brokers\/"]}]},{"@type":"ImageObject","inLanguage":"es","@id":"https:\/\/greenviewtulum.com\/index.php\/brokers\/#primaryimage","url":"https:\/\/greenviewtulum.com\/wp-content\/uploads\/2025\/05\/bg-top.jpg","contentUrl":"https:\/\/greenviewtulum.com\/wp-content\/uploads\/2025\/05\/bg-top.jpg","width":1500,"height":904},{"@type":"BreadcrumbList","@id":"https:\/\/greenviewtulum.com\/index.php\/brokers\/#breadcrumb","itemListElement":[{"@type":"ListItem","position":1,"name":"Portada","item":"https:\/\/greenviewtulum.com\/"},{"@type":"ListItem","position":2,"name":"Brokers"}]},{"@type":"WebSite","@id":"https:\/\/greenviewtulum.com\/#website","url":"https:\/\/greenviewtulum.com\/","name":"Green View","description":"","potentialAction":[{"@type":"SearchAction","target":{"@type":"EntryPoint","urlTemplate":"https:\/\/greenviewtulum.com\/?s={search_term_string}"},"query-input":{"@type":"PropertyValueSpecification","valueRequired":true,"valueName":"search_term_string"}}],"inLanguage":"es"}]}},"_links":{"self":[{"href":"https:\/\/greenviewtulum.com\/index.php\/wp-json\/wp\/v2\/pages\/378","targetHints":{"allow":["GET"]}}],"collection":[{"href":"https:\/\/greenviewtulum.com\/index.php\/wp-json\/wp\/v2\/pages"}],"about":[{"href":"https:\/\/greenviewtulum.com\/index.php\/wp-json\/wp\/v2\/types\/page"}],"author":[{"embeddable":true,"href":"https:\/\/greenviewtulum.com\/index.php\/wp-json\/wp\/v2\/users\/1"}],"replies":[{"embeddable":true,"href":"https:\/\/greenviewtulum.com\/index.php\/wp-json\/wp\/v2\/comments?post=378"}],"version-history":[{"count":46,"href":"https:\/\/greenviewtulum.com\/index.php\/wp-json\/wp\/v2\/pages\/378\/revisions"}],"predecessor-version":[{"id":457,"href":"https:\/\/greenviewtulum.com\/index.php\/wp-json\/wp\/v2\/pages\/378\/revisions\/457"}],"wp:featuredmedia":[{"embeddable":true,"href":"https:\/\/greenviewtulum.com\/index.php\/wp-json\/wp\/v2\/media\/256"}],"wp:attachment":[{"href":"https:\/\/greenviewtulum.com\/index.php\/wp-json\/wp\/v2\/media?parent=378"}],"curies":[{"name":"wp","href":"https:\/\/api.w.org\/{rel}","templated":true}]}}